{"id":570,"date":"2019-11-21T14:52:51","date_gmt":"2019-11-21T14:52:51","guid":{"rendered":"https:\/\/gier.massivdesign.com\/?page_id=570"},"modified":"2025-06-27T15:18:01","modified_gmt":"2025-06-27T15:18:01","slug":"zahnfleischbehandlung","status":"publish","type":"page","link":"https:\/\/zahnarztpraxis-gier.de\/index.php\/zahnfleischbehandlung\/","title":{"rendered":"Zahnfleischbehandlung"},"content":{"rendered":"<div class=\"wpb-content-wrapper\"><p>[vc_row css_animation=&#8220;&#8220; row_type=&#8220;row&#8220; use_row_as_full_screen_section=&#8220;no&#8220; type=&#8220;grid&#8220; angled_section=&#8220;no&#8220; text_align=&#8220;left&#8220; background_image_as_pattern=&#8220;without_pattern&#8220; z_index=&#8220;&#8220; css=&#8220;.vc_custom_1636972478957{padding-bottom: 150px !important;}&#8220;][vc_column width=&#8220;1\/2&#8243;][vc_single_image image=&#8220;758&#8243; img_size=&#8220;full&#8220; qode_css_animation=&#8220;&#8220; css=&#8220;.vc_custom_1635158603425{border-top-width: 1px !important;border-right-width: 1px !important;border-bottom-width: 1px !important;border-left-width: 1px !important;border-left-color: #6d219c !important;border-left-style: solid !important;border-right-color: #6d219c !important;border-right-style: solid !important;border-top-color: #6d219c !important;border-top-style: solid !important;border-bottom-color: #6d219c !important;border-bottom-style: solid !important;}&#8220;][\/vc_column][vc_column width=&#8220;1\/2&#8243;][vc_column_text]<\/p>\n<h2><span style=\"color: #333333;\"><strong>Zahnfleischbehandlungen<\/strong><\/span><\/h2>\n<p>[\/vc_column_text][vc_empty_space height=&#8220;50px&#8220;][vc_column_text]Liegt eine Parodontitis vor ist der Zahnhalteapparat gesch\u00e4digt und die Z\u00e4hne drohen locker zu werden und k\u00f6nnen ausfallen.<br \/>\nUm ein Fortschreiten der Sch\u00e4digung des Zahnhalteapparates zu verhindern f\u00fchrt man eine Parodontitis Behandlung durch.<br \/>\nSie besteht zun\u00e4chst aus 2 professionellen Zahnreinigungen und einer anschlie\u00dfenden Tiefenreinigung der Zahnfleischtaschen mittels Handinstrumenten.<br \/>\nDadurch werden Bakterien minimiert und im besten Fall die Parodontitis gestoppt. F\u00fcr Fragen rund um das Thema Parodontitis Therapie und der damit verbundenen Kosten stehen wir Ihnen gerne zur Verf\u00fcgung.[\/vc_column_text][\/vc_column][\/vc_row][vc_row css_animation=&#8220;&#8220; row_type=&#8220;row&#8220; use_row_as_full_screen_section=&#8220;no&#8220; type=&#8220;full_width&#8220; angled_section=&#8220;no&#8220; text_align=&#8220;left&#8220; background_image_as_pattern=&#8220;without_pattern&#8220; css=&#8220;.vc_custom_1636972487342{padding-top: 50px !important;background-color: #ffffff !important;}&#8220; z_index=&#8220;&#8220;][vc_column width=&#8220;1\/3&#8243;][\/vc_column][vc_column width=&#8220;1\/3&#8243;][vc_column_text]<\/p>\n<p style=\"text-align: center;\"><strong style=\"font-size: 22px; color: #181c1b;\">Frau Mirjam Gier<\/strong><br \/>\n<b style=\"font-size: 16px; color: #181c1b;\">Zahn\u00e4rztin<\/b><\/p>\n<p>[\/vc_column_text][vc_separator type=&#8220;normal&#8220; color=&#8220;#6d219c&#8220; thickness=&#8220;3px&#8220;][vc_empty_space height=&#8220;25px&#8220;][vc_row_inner row_type=&#8220;row&#8220; type=&#8220;full_width&#8220; text_align=&#8220;left&#8220; css_animation=&#8220;&#8220; css=&#8220;.vc_custom_1574346857601{margin-top: -5px !important;}&#8220;][vc_column_inner]<div class='q_icon_with_title tiny circle center '><div class=\"icon_holder \" style=\"margin: 5px 0px -1px 0px; \"><span data-icon-type=\"circle\"   class=\"qode_iwt_icon_holder fa-stack fa-lg  \" style=\"\"><i class=\"qode_icon_font_awesome fa fa-phone qode_iwt_icon_element\" style=\"\" ><\/i><\/span><\/div><div class=\"icon_text_holder\" style=\"\"><div class=\"icon_text_inner\" style=\"\"><h6 class=\"icon_title\" style=\"\">06831 71065<\/h6><p style=''><\/p><\/div><\/div><\/div>[\/vc_column_inner][\/vc_row_inner][\/vc_column][vc_column width=&#8220;1\/3&#8243;][\/vc_column][\/vc_row][vc_row css_animation=&#8220;&#8220; row_type=&#8220;row&#8220; use_row_as_full_screen_section=&#8220;no&#8220; type=&#8220;full_width&#8220; angled_section=&#8220;no&#8220; text_align=&#8220;left&#8220; background_image_as_pattern=&#8220;without_pattern&#8220; css=&#8220;.vc_custom_1579769933661{background-color: #ffffff !important;}&#8220; z_index=&#8220;&#8220;][vc_column][vc_empty_space height=&#8220;100px&#8220;][\/vc_column][\/vc_row]<\/p>\n<\/div>","protected":false},"excerpt":{"rendered":"<p>[vc_row css_animation=&#8220;&#8220; row_type=&#8220;row&#8220; use_row_as_full_screen_section=&#8220;no&#8220; type=&#8220;grid&#8220; angled_section=&#8220;no&#8220; text_align=&#8220;left&#8220; background_image_as_pattern=&#8220;without_pattern&#8220; z_index=&#8220;&#8220; css=&#8220;.vc_custom_1636972478957{padding-bottom: 150px !important;}&#8220;][vc_column width=&#8220;1\/2&#8243;][vc_single_image image=&#8220;758&#8243; img_size=&#8220;full&#8220; qode_css_animation=&#8220;&#8220; css=&#8220;.vc_custom_1635158603425{border-top-width: 1px !important;border-right-width: 1px !important;border-bottom-width: 1px !important;border-left-width: 1px !important;border-left-color: #6d219c !important;border-left-style: solid !important;border-right-color: #6d219c !important;border-right-style: solid !important;border-top-color: #6d219c !important;border-top-style: solid !important;border-bottom-color: #6d219c !important;border-bottom-style: solid !important;}&#8220;][\/vc_column][vc_column width=&#8220;1\/2&#8243;][vc_column_text] Zahnfleischbehandlungen [\/vc_column_text][vc_empty_space height=&#8220;50px&#8220;][vc_column_text]Liegt&#8230;<\/p>\n","protected":false},"author":1,"featured_media":0,"parent":0,"menu_order":0,"comment_status":"closed","ping_status":"closed","template":"full_width.php","meta":{"footnotes":""},"class_list":["post-570","page","type-page","status-publish","hentry"],"_links":{"self":[{"href":"https:\/\/zahnarztpraxis-gier.de\/index.php\/wp-json\/wp\/v2\/pages\/570","targetHints":{"allow":["GET"]}}],"collection":[{"href":"https:\/\/zahnarztpraxis-gier.de\/index.php\/wp-json\/wp\/v2\/pages"}],"about":[{"href":"https:\/\/zahnarztpraxis-gier.de\/index.php\/wp-json\/wp\/v2\/types\/page"}],"author":[{"embeddable":true,"href":"https:\/\/zahnarztpraxis-gier.de\/index.php\/wp-json\/wp\/v2\/users\/1"}],"replies":[{"embeddable":true,"href":"https:\/\/zahnarztpraxis-gier.de\/index.php\/wp-json\/wp\/v2\/comments?post=570"}],"version-history":[{"count":14,"href":"https:\/\/zahnarztpraxis-gier.de\/index.php\/wp-json\/wp\/v2\/pages\/570\/revisions"}],"predecessor-version":[{"id":893,"href":"https:\/\/zahnarztpraxis-gier.de\/index.php\/wp-json\/wp\/v2\/pages\/570\/revisions\/893"}],"wp:attachment":[{"href":"https:\/\/zahnarztpraxis-gier.de\/index.php\/wp-json\/wp\/v2\/media?parent=570"}],"curies":[{"name":"wp","href":"https:\/\/api.w.org\/{rel}","templated":true}]}}