{"id":420,"date":"2019-03-18T16:14:22","date_gmt":"2019-03-18T16:14:22","guid":{"rendered":"https:\/\/gier.massivdesign.com\/?page_id=420"},"modified":"2019-03-18T16:16:53","modified_gmt":"2019-03-18T16:16:53","slug":"impressum","status":"publish","type":"page","link":"https:\/\/zahnarztpraxis-gier.de\/index.php\/impressum\/","title":{"rendered":"Impressum"},"content":{"rendered":"<div class=\"wpb-content-wrapper\"><p>[vc_row css_animation=&#8220;&#8220; row_type=&#8220;row&#8220; use_row_as_full_screen_section=&#8220;no&#8220; type=&#8220;full_width&#8220; angled_section=&#8220;no&#8220; text_align=&#8220;left&#8220; background_image_as_pattern=&#8220;without_pattern&#8220;][vc_column][vc_empty_space height=&#8220;100px&#8220;][vc_row_inner row_type=&#8220;row&#8220; type=&#8220;full_width&#8220; text_align=&#8220;left&#8220; css_animation=&#8220;&#8220;][vc_column_inner][vc_column_text]<\/p>\n<h2>Impressum<\/h2>\n<p>&nbsp;<\/p>\n<p>Angaben gem\u00e4\u00df \u00a7 5 TMG:<\/p>\n<p>&nbsp;<\/p>\n<p>Mirjam Gier<br \/>\nZahnarztpraxis Gier<br \/>\nWerkstra\u00dfe 3<br \/>\n66763 Dillingen\/Saar<\/p>\n<p>&nbsp;<\/p>\n<p>Kontakt:<br \/>\nTelefon: +49 (0) 6831 71065<br \/>\nE-Mail: kontakt@zahnarztpraxis-gier.de<br \/>\nSteuernummer:<br \/>\n01022416738<\/p>\n<p>&nbsp;<\/p>\n<p>Aufsichtsbeh\u00f6rde:<br \/>\nZust\u00e4ndige Kammer \u00c4rztekammer des Saarlandes Abt. f\u00fcr Zahn\u00e4rzte<br \/>\nBerufsbezeichnung: Zahn\u00e4rztin<br \/>\nZust\u00e4ndige Kammer: \u00c4rztekammer des Saarlandes Abt. f\u00fcr Zahn\u00e4rzte<br \/>\nVerliehen durch: Deutschland<br \/>\nEs gelten folgende berufsrechtliche Regelungen: zaek<br \/>\nRegelungen einsehbar unter: <a href=\"http:\/\/www.zaek-saarland.de\/satzungen\/o_a_GOZ_Euro.pdf\">http:\/\/www.zaek-saarland.de\/satzungen\/o_a_GOZ_Euro.pdf<\/a>[\/vc_column_text][\/vc_column_inner][\/vc_row_inner][vc_empty_space height=&#8220;100px&#8220;][\/vc_column][\/vc_row]<\/p>\n<\/div>","protected":false},"excerpt":{"rendered":"<p>[vc_row css_animation=&#8220;&#8220; row_type=&#8220;row&#8220; use_row_as_full_screen_section=&#8220;no&#8220; type=&#8220;full_width&#8220; angled_section=&#8220;no&#8220; text_align=&#8220;left&#8220; background_image_as_pattern=&#8220;without_pattern&#8220;][vc_column][vc_empty_space height=&#8220;100px&#8220;][vc_row_inner row_type=&#8220;row&#8220; type=&#8220;full_width&#8220; text_align=&#8220;left&#8220; css_animation=&#8220;&#8220;][vc_column_inner][vc_column_text] Impressum &nbsp; Angaben gem\u00e4\u00df \u00a7 5 TMG: &nbsp; Mirjam Gier Zahnarztpraxis Gier Werkstra\u00dfe 3 66763 Dillingen\/Saar &nbsp; Kontakt: Telefon: +49 (0) 6831 71065 E-Mail: kontakt@zahnarztpraxis-gier.de Steuernummer: 01022416738 &nbsp; Aufsichtsbeh\u00f6rde: Zust\u00e4ndige Kammer \u00c4rztekammer&#8230;<\/p>\n","protected":false},"author":1,"featured_media":0,"parent":0,"menu_order":0,"comment_status":"closed","ping_status":"closed","template":"","meta":{"footnotes":""},"class_list":["post-420","page","type-page","status-publish","hentry"],"_links":{"self":[{"href":"https:\/\/zahnarztpraxis-gier.de\/index.php\/wp-json\/wp\/v2\/pages\/420","targetHints":{"allow":["GET"]}}],"collection":[{"href":"https:\/\/zahnarztpraxis-gier.de\/index.php\/wp-json\/wp\/v2\/pages"}],"about":[{"href":"https:\/\/zahnarztpraxis-gier.de\/index.php\/wp-json\/wp\/v2\/types\/page"}],"author":[{"embeddable":true,"href":"https:\/\/zahnarztpraxis-gier.de\/index.php\/wp-json\/wp\/v2\/users\/1"}],"replies":[{"embeddable":true,"href":"https:\/\/zahnarztpraxis-gier.de\/index.php\/wp-json\/wp\/v2\/comments?post=420"}],"version-history":[{"count":4,"href":"https:\/\/zahnarztpraxis-gier.de\/index.php\/wp-json\/wp\/v2\/pages\/420\/revisions"}],"predecessor-version":[{"id":424,"href":"https:\/\/zahnarztpraxis-gier.de\/index.php\/wp-json\/wp\/v2\/pages\/420\/revisions\/424"}],"wp:attachment":[{"href":"https:\/\/zahnarztpraxis-gier.de\/index.php\/wp-json\/wp\/v2\/media?parent=420"}],"curies":[{"name":"wp","href":"https:\/\/api.w.org\/{rel}","templated":true}]}}